{"id":33,"date":"2015-12-13T22:08:03","date_gmt":"2015-12-13T22:08:03","guid":{"rendered":"http:\/\/el-ros.pl\/?page_id=33"},"modified":"2023-07-10T21:34:37","modified_gmt":"2023-07-10T20:34:37","slug":"oferta","status":"publish","type":"page","link":"https:\/\/el-ros.pl\/index.php\/oferta\/","title":{"rendered":"Oferta"},"content":{"rendered":"<h1>EL-ROS Gdynia Pomiary instalacji elektrycznych<\/h1>\n<p><strong>Pomiary instalacji elektrycznych<\/strong>:<\/p>\n<ul>\n<li><strong>Pomiary rezystancji izolacji<\/strong><\/li>\n<li><strong>Pomiary impedancji p\u0119tli zwarcia<\/strong><\/li>\n<li><strong>Pomiary pr\u0105du wyzwalania oraz czasu zadzia\u0142ania wy\u0142\u0105cznika r\u00f3\u017cnicowopr\u0105dowego<\/strong><\/li>\n<li><strong>Pomiary pr\u0105du wyzwalania oraz czasu zadzia\u0142ania wy\u0142\u0105cznika r\u00f3\u017cnicowopr\u0105dowego sieci IT<\/strong><\/li>\n<li><strong>Pomiary ci\u0105g\u0142o\u015bci po\u0142\u0105cze\u0144 wyr\u00f3wnawczych<\/strong><\/li>\n<li><strong>Pomiary rezystancji uziemienia<\/strong><\/li>\n<\/ul>\n<p><strong>Odbiory instalacji elektrycznych<\/strong><\/p>\n<p><strong>\u015awiadectwa energetyczne budynk\u00f3w<\/strong><\/p>\n<p><strong>Pomiary parametr\u00f3w sieci elektrycznej<\/strong><\/p>\n<p><strong>Kompensacja mocy biernej<\/strong><\/p>\n<p><strong>Pomiary o\u015bwietlenia<\/strong>:<\/p>\n<ul>\n<li><strong>Pomiary nat\u0119\u017cenia o\u015bwietlenia og\u00f3lnego<\/strong><\/li>\n<li><strong>Pomiary nat\u0119\u017cenie o\u015bwietlenia awaryjnego<\/strong><\/li>\n<\/ul>\n<p><strong>Badania termowizyjne instalacji i urz\u0105dze\u0144 elektrycznych<\/strong><\/p>\n<p><strong>Badania reflektometryczne uszkodze\u0144 przewod\u00f3w elektrycznych i teletechnicznych<\/strong><\/p>\n<p><strong>Instalacje elektryczne<\/strong>:<\/p>\n<ul>\n<li><strong>Instalacje o\u015bwietleniowe<\/strong><\/li>\n<li><strong>Instalacje gniazdowe 230V<\/strong><\/li>\n<li><strong>Instalacje gniazdowe 400V<\/strong><\/li>\n<li><strong>Instalacje alarmowe<\/strong><\/li>\n<li><strong>Instalacje domofonowe<\/strong><\/li>\n<li><strong>Instalacje wideodomofonowe<\/strong><\/li>\n<li><strong>Instalacje komputerowe<\/strong><\/li>\n<li><strong>Instalacje telewizyjne<\/strong><\/li>\n<\/ul>\n<p><strong>Inteligentne instalacje elektryczne<\/strong><\/p>\n<p><strong>Monta\u017c i konserwacja systemu alarmowego<\/strong><\/p>\n<p><strong>Monta\u017c i konserwacja systemu monitoringu, kamery IP<\/strong><\/p>\n<p><strong>Monta\u017c i konserwacja anten telewizji satelitarnej i naziemnej<\/strong><\/p>\n<p><strong>Aktualne \u015bwiadectwa legalizacji stosowanych urz\u0105dze\u0144 firmy<\/strong> <a href=\"http:\/\/sonel.pl\">sonel<\/a><\/p>\n<p>Skontaktuj si\u0119 <a href=\"http:\/\/el-ros.pl\/index.php\/kontakt\">tutaj<\/a> : <a href=\"mailto:biuro@el-ros.pl\">biuro@el-ros.pl<\/a> lub <a href=\"tel:+48697636723\">697 63 67 23<\/a><\/p>\n","protected":false},"excerpt":{"rendered":"<p>EL-ROS Gdynia Pomiary instalacji elektrycznych Pomiary instalacji elektrycznych: Pomiary rezystancji izolacji Pomiary impedancji p\u0119tli zwarcia Pomiary pr\u0105du wyzwalania oraz czasu zadzia\u0142ania wy\u0142\u0105cznika r\u00f3\u017cnicowopr\u0105dowego Pomiary pr\u0105du wyzwalania oraz czasu zadzia\u0142ania wy\u0142\u0105cznika r\u00f3\u017cnicowopr\u0105dowego sieci IT Pomiary ci\u0105g\u0142o\u015bci po\u0142\u0105cze\u0144 wyr\u00f3wnawczych Pomiary rezystancji uziemienia Odbiory instalacji elektrycznych \u015awiadectwa energetyczne budynk\u00f3w Pomiary parametr\u00f3w sieci elektrycznej Kompensacja mocy biernej Pomiary o\u015bwietlenia:<a href=\"https:\/\/el-ros.pl\/index.php\/oferta\/\">[&#8230;]<\/a><\/p>\n","protected":false},"author":1,"featured_media":0,"parent":0,"menu_order":2,"comment_status":"closed","ping_status":"closed","template":"template-fullwidth.php","meta":[],"_links":{"self":[{"href":"https:\/\/el-ros.pl\/index.php\/wp-json\/wp\/v2\/pages\/33"}],"collection":[{"href":"https:\/\/el-ros.pl\/index.php\/wp-json\/wp\/v2\/pages"}],"about":[{"href":"https:\/\/el-ros.pl\/index.php\/wp-json\/wp\/v2\/types\/page"}],"author":[{"embeddable":true,"href":"https:\/\/el-ros.pl\/index.php\/wp-json\/wp\/v2\/users\/1"}],"replies":[{"embeddable":true,"href":"https:\/\/el-ros.pl\/index.php\/wp-json\/wp\/v2\/comments?post=33"}],"version-history":[{"count":21,"href":"https:\/\/el-ros.pl\/index.php\/wp-json\/wp\/v2\/pages\/33\/revisions"}],"predecessor-version":[{"id":157,"href":"https:\/\/el-ros.pl\/index.php\/wp-json\/wp\/v2\/pages\/33\/revisions\/157"}],"wp:attachment":[{"href":"https:\/\/el-ros.pl\/index.php\/wp-json\/wp\/v2\/media?parent=33"}],"curies":[{"name":"wp","href":"https:\/\/api.w.org\/{rel}","templated":true}]}}