{"id":31,"date":"2015-12-13T22:07:54","date_gmt":"2015-12-13T22:07:54","guid":{"rendered":"http:\/\/el-ros.pl\/?page_id=31"},"modified":"2023-07-10T21:39:38","modified_gmt":"2023-07-10T20:39:38","slug":"o-firmie","status":"publish","type":"page","link":"https:\/\/el-ros.pl\/index.php\/o-firmie\/","title":{"rendered":"O firmie"},"content":{"rendered":"\n<p><\/p>\n\n\n<h1 class=\"wp-block wp-block-post-title block-editor-block-list__block editor-post-title editor-post-title__input rich-text\" role=\"textbox\" contenteditable=\"true\" aria-label=\"Dodaj tytu\u0142\" aria-multiline=\"true\">Pomiary Instalacji Elektrycznych<\/h1>\n<h1>\u015awiadectwa Energetyczne Budynk\u00f3w<\/h1>\n<p>Firma wyspecjalizowana w wykonywaniu pomiar\u00f3w instalacji elektrycznych, analizie jako\u015bci energii elektrycznej oraz badaniach reflektometrycznych instalacji elektrycznych i telekomunikacyjnych.<\/p>\n<p>Wykonujemy \u015bwiadectwa energetyczne budynk\u00f3w.<\/p>\n<p>Oferta obejmuje r\u00f3wnie\u017c badania termowizyjne instalacji elektrycznych, aparatury modu\u0142owej oraz urz\u0105dze\u0144 elektrycznych.<\/p>\n<p>Firma powsta\u0142a w celu zapewnienia kompleksowej obs\u0142ugi elektrycznej i teletechnicznej obiekt\u00f3w na ka\u017cdym etapie ich realizacji. Wykorzystanie najnowocze\u015bniejszego sprz\u0119tu wiod\u0105cych na \u015bwiatowym rynku producent\u00f3w pozwala na \u015bwiadczenie us\u0142ug wysokiej jako\u015bci, a tak\u017ce na zapewnienie wysokiego poziomu bezpiecze\u0144stwa u\u017cytkownik\u00f3w badanych instalacji i urz\u0105dze\u0144.<\/p>\n<p>Wykonujemy \u015bwiadectwa energetyczne budynk\u00f3w.<\/p>\n<p>Oferta obejmuje r\u00f3wnie\u017c badania termowizyjne instalacji elektrycznych, aparatury modu\u0142owej oraz urz\u0105dze\u0144 elektrycznych.<\/p>\n<p>Skontaktuj si\u0119 tutaj : <a href=\"mailto:biuro@el-ros.pl\">biuro@el-ros.pl<\/a> lub <a href=\"tel:+48697636723\">697 63 67 23<\/a><\/p>\n<p>Wszystkie wykorzystywane urz\u0105dzenia posiadaj\u0105 aktualne \u015bwiadectwa wzorcowania i legalizacji, wydane przez uprawnione o\u015brodki badawcze, m.in. firmy <a href=\"http:\/\/sonel.pl\">sonel<\/a><\/p>\n<p><a href=\"http:\/\/sonel.pl\" rel=\"attachment wp-att-101\"><img decoding=\"async\" loading=\"lazy\" class=\"alignnone size-full wp-image-101\" src=\"http:\/\/el-ros.pl\/wp-content\/uploads\/2015\/12\/qc_sonel-1.png\" alt=\"Pomiary instalacji elektrycznych sonel\" width=\"127\" height=\"47\"><\/a><a href=\"http:\/\/fluke.pl\" rel=\"attachment wp-att-102\"><img decoding=\"async\" loading=\"lazy\" class=\"alignnone size-full wp-image-102\" src=\"http:\/\/el-ros.pl\/wp-content\/uploads\/2015\/12\/fluke_logo_166px_x_50px-1.gif\" alt=\"Pomiary elektryczne Gdynia\" width=\"166\" height=\"50\"><\/a><a href=\"http:\/\/siemens.pl\" rel=\"attachment wp-att-103\"><img decoding=\"async\" loading=\"lazy\" class=\"alignnone size-full wp-image-103\" src=\"http:\/\/el-ros.pl\/wp-content\/uploads\/2015\/12\/Siemens-Recruitment-1.jpg\" alt=\"Siemens-Recruitment\" width=\"276\" height=\"176\"><\/a><a href=\"http:\/\/eaton.pl\" rel=\"attachment wp-att-105\"><img decoding=\"async\" loading=\"lazy\" class=\"alignnone size-full wp-image-105\" src=\"http:\/\/el-ros.pl\/wp-content\/uploads\/2015\/12\/pct_220293-1.gif\" alt=\"Instalacje elektryczne\" width=\"166\" height=\"57\"><\/a><a href=\"http:\/\/legrand.pl\" rel=\"attachment wp-att-106\"><img decoding=\"async\" loading=\"lazy\" class=\"alignnone size-full wp-image-106\" src=\"http:\/\/el-ros.pl\/wp-content\/uploads\/2015\/12\/Logo-legrand-1.gif\" alt=\"Pomiary elektryczne\" width=\"135\" height=\"56\"><\/a><a href=\"http:\/\/abb.pl\" rel=\"attachment wp-att-104\"><img decoding=\"async\" loading=\"lazy\" class=\"alignnone size-full wp-image-104\" src=\"http:\/\/el-ros.pl\/wp-content\/uploads\/2015\/12\/logo_abb_red-1.png\" alt=\"Instalacje elektryczne\" width=\"600\" height=\"90\" srcset=\"https:\/\/el-ros.pl\/wp-content\/uploads\/2015\/12\/logo_abb_red-1.png 600w, https:\/\/el-ros.pl\/wp-content\/uploads\/2015\/12\/logo_abb_red-1-300x45.png 300w\" sizes=\"(max-width: 600px) 100vw, 600px\" \/><\/a><\/p>","protected":false},"excerpt":{"rendered":"<p>Pomiary Instalacji Elektrycznych \u015awiadectwa Energetyczne Budynk\u00f3w Firma wyspecjalizowana w wykonywaniu pomiar\u00f3w instalacji elektrycznych, analizie jako\u015bci energii elektrycznej oraz badaniach reflektometrycznych instalacji elektrycznych i telekomunikacyjnych. Wykonujemy \u015bwiadectwa energetyczne budynk\u00f3w. Oferta obejmuje r\u00f3wnie\u017c badania termowizyjne instalacji elektrycznych, aparatury modu\u0142owej oraz urz\u0105dze\u0144 elektrycznych. Firma powsta\u0142a w celu zapewnienia kompleksowej obs\u0142ugi elektrycznej i teletechnicznej obiekt\u00f3w na ka\u017cdym etapie ich<a href=\"https:\/\/el-ros.pl\/index.php\/o-firmie\/\">[&#8230;]<\/a><\/p>\n","protected":false},"author":1,"featured_media":0,"parent":0,"menu_order":1,"comment_status":"closed","ping_status":"closed","template":"template-fullwidth.php","meta":[],"_links":{"self":[{"href":"https:\/\/el-ros.pl\/index.php\/wp-json\/wp\/v2\/pages\/31"}],"collection":[{"href":"https:\/\/el-ros.pl\/index.php\/wp-json\/wp\/v2\/pages"}],"about":[{"href":"https:\/\/el-ros.pl\/index.php\/wp-json\/wp\/v2\/types\/page"}],"author":[{"embeddable":true,"href":"https:\/\/el-ros.pl\/index.php\/wp-json\/wp\/v2\/users\/1"}],"replies":[{"embeddable":true,"href":"https:\/\/el-ros.pl\/index.php\/wp-json\/wp\/v2\/comments?post=31"}],"version-history":[{"count":24,"href":"https:\/\/el-ros.pl\/index.php\/wp-json\/wp\/v2\/pages\/31\/revisions"}],"predecessor-version":[{"id":160,"href":"https:\/\/el-ros.pl\/index.php\/wp-json\/wp\/v2\/pages\/31\/revisions\/160"}],"wp:attachment":[{"href":"https:\/\/el-ros.pl\/index.php\/wp-json\/wp\/v2\/media?parent=31"}],"curies":[{"name":"wp","href":"https:\/\/api.w.org\/{rel}","templated":true}]}}